{"id":3787,"date":"2022-09-01T16:22:57","date_gmt":"2022-09-01T14:22:57","guid":{"rendered":"https:\/\/improving-stem-education.eu\/?page_id=3787"},"modified":"2022-09-07T10:32:26","modified_gmt":"2022-09-07T08:32:26","slug":"lesson-plans","status":"publish","type":"page","link":"https:\/\/improving-stem-education.eu\/ro\/lesson-plans\/","title":{"rendered":"Lesson plans"},"content":{"rendered":"\t\t<div data-elementor-type=\"wp-page\" data-elementor-id=\"3787\" class=\"elementor elementor-3787 elementor-1909\" data-elementor-post-type=\"page\">\n\t\t\t\t\t\t\t\t\t<section class=\"has_eae_slider elementor-section elementor-top-section elementor-element elementor-element-6c1eb97 elementor-section-boxed elementor-section-height-default elementor-section-height-default\" data-id=\"6c1eb97\" data-element_type=\"section\">\n\t\t\t\t\t\t<div class=\"elementor-container elementor-column-gap-default\">\n\t\t\t\t\t<div class=\"has_eae_slider elementor-column elementor-col-100 elementor-top-column elementor-element elementor-element-d241063\" data-id=\"d241063\" data-element_type=\"column\">\n\t\t\t<div class=\"elementor-widget-wrap\">\n\t\t\t\t\t\t\t\t\t<\/div>\n\t\t<\/div>\n\t\t\t\t\t\t\t<\/div>\n\t\t<\/section>\n\t\t\t\t<section class=\"has_eae_slider elementor-section elementor-top-section elementor-element elementor-element-f11b2c0 elementor-section-boxed elementor-section-height-default elementor-section-height-default\" data-id=\"f11b2c0\" data-element_type=\"section\">\n\t\t\t\t\t\t<div class=\"elementor-container elementor-column-gap-default\">\n\t\t\t\t\t<div class=\"has_eae_slider elementor-column elementor-col-100 elementor-top-column elementor-element elementor-element-9b6d169\" data-id=\"9b6d169\" data-element_type=\"column\">\n\t\t\t<div class=\"elementor-widget-wrap elementor-element-populated\">\n\t\t\t\t\t\t\t\t<div class=\"elementor-element elementor-element-5e69d3d elementor-widget elementor-widget-heading\" data-id=\"5e69d3d\" data-element_type=\"widget\" data-widget_type=\"heading.default\">\n\t\t\t\t<div class=\"elementor-widget-container\">\n\t\t\t<h1 class=\"elementor-heading-title elementor-size-default\">Planuri de lec\u021bie <\/h1>\t\t<\/div>\n\t\t\t\t<\/div>\n\t\t\t\t<div class=\"elementor-element elementor-element-e2fad17 elementor-posts--thumbnail-top elementor-grid-3 elementor-grid-tablet-2 elementor-grid-mobile-1 elementor-widget elementor-widget-posts\" data-id=\"e2fad17\" data-element_type=\"widget\" data-settings=\"{&quot;custom_masonrys&quot;:&quot;yes&quot;,&quot;custom_columns&quot;:&quot;3&quot;,&quot;custom_columns_tablet&quot;:&quot;2&quot;,&quot;custom_columns_mobile&quot;:&quot;1&quot;,&quot;custom_row_gap&quot;:{&quot;unit&quot;:&quot;px&quot;,&quot;size&quot;:35,&quot;sizes&quot;:[]},&quot;custom_row_gap_tablet&quot;:{&quot;unit&quot;:&quot;px&quot;,&quot;size&quot;:&quot;&quot;,&quot;sizes&quot;:[]},&quot;custom_row_gap_mobile&quot;:{&quot;unit&quot;:&quot;px&quot;,&quot;size&quot;:&quot;&quot;,&quot;sizes&quot;:[]}}\" data-widget_type=\"posts.custom\">\n\t\t\t\t<div class=\"elementor-widget-container\">\n\t\t\t      <div class=\"ecs-posts elementor-posts-container elementor-posts   elementor-grid elementor-posts--skin-custom\" data-settings=\"{&quot;current_page&quot;:1,&quot;max_num_pages&quot;:1,&quot;load_method&quot;:&quot;&quot;,&quot;widget_id&quot;:&quot;e2fad17&quot;,&quot;post_id&quot;:3787,&quot;theme_id&quot;:3787,&quot;change_url&quot;:false,&quot;reinit_js&quot;:false}\">\n      \t\t<article id=\"post-3028\" class=\"elementor-post elementor-grid-item ecs-post-loop post-3028 lesson-plan type-lesson-plan status-publish hentry school-level-stiinte-gimnazial\">\n\t\t<div class=\"ecs-link-wrapper\" data-href=\"https:\/\/improving-stem-education.eu\/ro\/lesson-plan\/proprietati-chimice-ale-elementelor-din-grupa-2-si-grupa-7-17\/\"   >\t\t<div data-elementor-type=\"loop\" data-elementor-id=\"1918\" class=\"elementor elementor-1918 post-3028 lesson-plan type-lesson-plan status-publish hentry school-level-stiinte-gimnazial\" data-elementor-post-type=\"elementor_library\">\n\t\t\t\t\t\t\t\t<section class=\"has_eae_slider elementor-section elementor-top-section elementor-element elementor-element-7248c6d elementor-section-height-min-height elementor-section-boxed elementor-section-height-default elementor-section-items-middle\" data-id=\"7248c6d\" data-element_type=\"section\" data-settings=\"{&quot;background_background&quot;:&quot;classic&quot;}\">\n\t\t\t\t\t\t\t<div class=\"elementor-background-overlay\"><\/div>\n\t\t\t\t\t\t\t<div class=\"elementor-container elementor-column-gap-default\">\n\t\t\t\t\t<div class=\"has_eae_slider elementor-column elementor-col-100 elementor-top-column elementor-element elementor-element-911c4c9\" data-id=\"911c4c9\" data-element_type=\"column\">\n\t\t\t<div class=\"elementor-widget-wrap elementor-element-populated\">\n\t\t\t\t\t\t\t\t<div class=\"elementor-element elementor-element-c4dc767 elementor-widget elementor-widget-theme-post-title elementor-page-title elementor-widget-heading\" data-id=\"c4dc767\" data-element_type=\"widget\" data-widget_type=\"theme-post-title.default\">\n\t\t\t\t<div class=\"elementor-widget-container\">\n\t\t\t<h1 class=\"elementor-heading-title elementor-size-default\">Propriet\u0103\u021bi chimice ale elementelor din grupa 2 \u0219i grupa 7 (17)<\/h1>\t\t<\/div>\n\t\t\t\t<\/div>\n\t\t\t\t\t<\/div>\n\t\t<\/div>\n\t\t\t\t\t\t\t<\/div>\n\t\t<\/section>\n\t\t\t\t\t\t<\/div>\n\t\t<\/div>\t\t<\/article>\n\t\t\t\t<article id=\"post-3029\" class=\"elementor-post elementor-grid-item ecs-post-loop post-3029 lesson-plan type-lesson-plan status-publish hentry school-level-tehnologie-gimnazial\">\n\t\t<div class=\"ecs-link-wrapper\" data-href=\"https:\/\/improving-stem-education.eu\/ro\/lesson-plan\/limbajul-de-programare-python\/\"   >\t\t<div data-elementor-type=\"loop\" data-elementor-id=\"1918\" class=\"elementor elementor-1918 post-3029 lesson-plan type-lesson-plan status-publish hentry school-level-tehnologie-gimnazial\" data-elementor-post-type=\"elementor_library\">\n\t\t\t\t\t\t\t\t<section class=\"has_eae_slider elementor-section elementor-top-section elementor-element elementor-element-7248c6d elementor-section-height-min-height elementor-section-boxed elementor-section-height-default elementor-section-items-middle\" data-id=\"7248c6d\" data-element_type=\"section\" data-settings=\"{&quot;background_background&quot;:&quot;classic&quot;}\">\n\t\t\t\t\t\t\t<div class=\"elementor-background-overlay\"><\/div>\n\t\t\t\t\t\t\t<div class=\"elementor-container elementor-column-gap-default\">\n\t\t\t\t\t<div class=\"has_eae_slider elementor-column elementor-col-100 elementor-top-column elementor-element elementor-element-911c4c9\" data-id=\"911c4c9\" data-element_type=\"column\">\n\t\t\t<div class=\"elementor-widget-wrap elementor-element-populated\">\n\t\t\t\t\t\t\t\t<div class=\"elementor-element elementor-element-c4dc767 elementor-widget elementor-widget-theme-post-title elementor-page-title elementor-widget-heading\" data-id=\"c4dc767\" data-element_type=\"widget\" data-widget_type=\"theme-post-title.default\">\n\t\t\t\t<div class=\"elementor-widget-container\">\n\t\t\t<h1 class=\"elementor-heading-title elementor-size-default\">Limbajul de programare Python<\/h1>\t\t<\/div>\n\t\t\t\t<\/div>\n\t\t\t\t\t<\/div>\n\t\t<\/div>\n\t\t\t\t\t\t\t<\/div>\n\t\t<\/section>\n\t\t\t\t\t\t<\/div>\n\t\t<\/div>\t\t<\/article>\n\t\t\t\t<article id=\"post-3030\" class=\"elementor-post elementor-grid-item ecs-post-loop post-3030 lesson-plan type-lesson-plan status-publish hentry school-level-stiinte-primar\">\n\t\t<div class=\"ecs-link-wrapper\" data-href=\"https:\/\/improving-stem-education.eu\/ro\/lesson-plan\/e-a-r-t-h-pamant-angajarea-activa-in-respectarea-habitatului\/\"   >\t\t<div data-elementor-type=\"loop\" data-elementor-id=\"1918\" class=\"elementor elementor-1918 post-3030 lesson-plan type-lesson-plan status-publish hentry school-level-stiinte-primar\" data-elementor-post-type=\"elementor_library\">\n\t\t\t\t\t\t\t\t<section class=\"has_eae_slider elementor-section elementor-top-section elementor-element elementor-element-7248c6d elementor-section-height-min-height elementor-section-boxed elementor-section-height-default elementor-section-items-middle\" data-id=\"7248c6d\" data-element_type=\"section\" data-settings=\"{&quot;background_background&quot;:&quot;classic&quot;}\">\n\t\t\t\t\t\t\t<div class=\"elementor-background-overlay\"><\/div>\n\t\t\t\t\t\t\t<div class=\"elementor-container elementor-column-gap-default\">\n\t\t\t\t\t<div class=\"has_eae_slider elementor-column elementor-col-100 elementor-top-column elementor-element elementor-element-911c4c9\" data-id=\"911c4c9\" data-element_type=\"column\">\n\t\t\t<div class=\"elementor-widget-wrap elementor-element-populated\">\n\t\t\t\t\t\t\t\t<div class=\"elementor-element elementor-element-c4dc767 elementor-widget elementor-widget-theme-post-title elementor-page-title elementor-widget-heading\" data-id=\"c4dc767\" data-element_type=\"widget\" data-widget_type=\"theme-post-title.default\">\n\t\t\t\t<div class=\"elementor-widget-container\">\n\t\t\t<h1 class=\"elementor-heading-title elementor-size-default\">E.A.R.T.H. (P\u0103mant) &#8211; Angajarea activ\u0103 \u00een respectarea habitatului<\/h1>\t\t<\/div>\n\t\t\t\t<\/div>\n\t\t\t\t\t<\/div>\n\t\t<\/div>\n\t\t\t\t\t\t\t<\/div>\n\t\t<\/section>\n\t\t\t\t\t\t<\/div>\n\t\t<\/div>\t\t<\/article>\n\t\t\t\t<article id=\"post-3043\" class=\"elementor-post elementor-grid-item ecs-post-loop post-3043 lesson-plan type-lesson-plan status-publish hentry school-level-tehnologie-gimnazial\">\n\t\t<div class=\"ecs-link-wrapper\" data-href=\"https:\/\/improving-stem-education.eu\/ro\/lesson-plan\/joc-cu-senzor-inteligent\/\"   >\t\t<div data-elementor-type=\"loop\" data-elementor-id=\"1918\" class=\"elementor elementor-1918 post-3043 lesson-plan type-lesson-plan status-publish hentry school-level-tehnologie-gimnazial\" data-elementor-post-type=\"elementor_library\">\n\t\t\t\t\t\t\t\t<section class=\"has_eae_slider elementor-section elementor-top-section elementor-element elementor-element-7248c6d elementor-section-height-min-height elementor-section-boxed elementor-section-height-default elementor-section-items-middle\" data-id=\"7248c6d\" data-element_type=\"section\" data-settings=\"{&quot;background_background&quot;:&quot;classic&quot;}\">\n\t\t\t\t\t\t\t<div class=\"elementor-background-overlay\"><\/div>\n\t\t\t\t\t\t\t<div class=\"elementor-container elementor-column-gap-default\">\n\t\t\t\t\t<div class=\"has_eae_slider elementor-column elementor-col-100 elementor-top-column elementor-element elementor-element-911c4c9\" data-id=\"911c4c9\" data-element_type=\"column\">\n\t\t\t<div class=\"elementor-widget-wrap elementor-element-populated\">\n\t\t\t\t\t\t\t\t<div class=\"elementor-element elementor-element-c4dc767 elementor-widget elementor-widget-theme-post-title elementor-page-title elementor-widget-heading\" data-id=\"c4dc767\" data-element_type=\"widget\" data-widget_type=\"theme-post-title.default\">\n\t\t\t\t<div class=\"elementor-widget-container\">\n\t\t\t<h1 class=\"elementor-heading-title elementor-size-default\">Joc cu senzor inteligent<\/h1>\t\t<\/div>\n\t\t\t\t<\/div>\n\t\t\t\t\t<\/div>\n\t\t<\/div>\n\t\t\t\t\t\t\t<\/div>\n\t\t<\/section>\n\t\t\t\t\t\t<\/div>\n\t\t<\/div>\t\t<\/article>\n\t\t\t\t<article id=\"post-3044\" class=\"elementor-post elementor-grid-item ecs-post-loop post-3044 lesson-plan type-lesson-plan status-publish hentry school-level-stiinte-primar\">\n\t\t<div class=\"ecs-link-wrapper\" data-href=\"https:\/\/improving-stem-education.eu\/ro\/lesson-plan\/gamemaker\/\"   >\t\t<div data-elementor-type=\"loop\" data-elementor-id=\"1918\" class=\"elementor elementor-1918 post-3044 lesson-plan type-lesson-plan status-publish hentry school-level-stiinte-primar\" data-elementor-post-type=\"elementor_library\">\n\t\t\t\t\t\t\t\t<section class=\"has_eae_slider elementor-section elementor-top-section elementor-element elementor-element-7248c6d elementor-section-height-min-height elementor-section-boxed elementor-section-height-default elementor-section-items-middle\" data-id=\"7248c6d\" data-element_type=\"section\" data-settings=\"{&quot;background_background&quot;:&quot;classic&quot;}\">\n\t\t\t\t\t\t\t<div class=\"elementor-background-overlay\"><\/div>\n\t\t\t\t\t\t\t<div class=\"elementor-container elementor-column-gap-default\">\n\t\t\t\t\t<div class=\"has_eae_slider elementor-column elementor-col-100 elementor-top-column elementor-element elementor-element-911c4c9\" data-id=\"911c4c9\" data-element_type=\"column\">\n\t\t\t<div class=\"elementor-widget-wrap elementor-element-populated\">\n\t\t\t\t\t\t\t\t<div class=\"elementor-element elementor-element-c4dc767 elementor-widget elementor-widget-theme-post-title elementor-page-title elementor-widget-heading\" data-id=\"c4dc767\" data-element_type=\"widget\" data-widget_type=\"theme-post-title.default\">\n\t\t\t\t<div class=\"elementor-widget-container\">\n\t\t\t<h1 class=\"elementor-heading-title elementor-size-default\">GameMaker<\/h1>\t\t<\/div>\n\t\t\t\t<\/div>\n\t\t\t\t\t<\/div>\n\t\t<\/div>\n\t\t\t\t\t\t\t<\/div>\n\t\t<\/section>\n\t\t\t\t\t\t<\/div>\n\t\t<\/div>\t\t<\/article>\n\t\t\t\t<article id=\"post-3045\" class=\"elementor-post elementor-grid-item ecs-post-loop post-3045 lesson-plan type-lesson-plan status-publish hentry school-level-inginerie-gimnalzial\">\n\t\t<div class=\"ecs-link-wrapper\" data-href=\"https:\/\/improving-stem-education.eu\/ro\/lesson-plan\/calculul-acceleratiei-gravitationale-folosind-un-plan-inclinat-teorema-lucru-mecanic-energie\/\"   >\t\t<div data-elementor-type=\"loop\" data-elementor-id=\"1918\" class=\"elementor elementor-1918 post-3045 lesson-plan type-lesson-plan status-publish hentry school-level-inginerie-gimnalzial\" data-elementor-post-type=\"elementor_library\">\n\t\t\t\t\t\t\t\t<section class=\"has_eae_slider elementor-section elementor-top-section elementor-element elementor-element-7248c6d elementor-section-height-min-height elementor-section-boxed elementor-section-height-default elementor-section-items-middle\" data-id=\"7248c6d\" data-element_type=\"section\" data-settings=\"{&quot;background_background&quot;:&quot;classic&quot;}\">\n\t\t\t\t\t\t\t<div class=\"elementor-background-overlay\"><\/div>\n\t\t\t\t\t\t\t<div class=\"elementor-container elementor-column-gap-default\">\n\t\t\t\t\t<div class=\"has_eae_slider elementor-column elementor-col-100 elementor-top-column elementor-element elementor-element-911c4c9\" data-id=\"911c4c9\" data-element_type=\"column\">\n\t\t\t<div class=\"elementor-widget-wrap elementor-element-populated\">\n\t\t\t\t\t\t\t\t<div class=\"elementor-element elementor-element-c4dc767 elementor-widget elementor-widget-theme-post-title elementor-page-title elementor-widget-heading\" data-id=\"c4dc767\" data-element_type=\"widget\" data-widget_type=\"theme-post-title.default\">\n\t\t\t\t<div class=\"elementor-widget-container\">\n\t\t\t<h1 class=\"elementor-heading-title elementor-size-default\">Calculul accelera\u021biei gravita\u021bionale folosind un plan \u00eenclinat \u2013 Teorema Lucru mecanic-Energie<\/h1>\t\t<\/div>\n\t\t\t\t<\/div>\n\t\t\t\t\t<\/div>\n\t\t<\/div>\n\t\t\t\t\t\t\t<\/div>\n\t\t<\/section>\n\t\t\t\t\t\t<\/div>\n\t\t<\/div>\t\t<\/article>\n\t\t\t\t<article id=\"post-3046\" class=\"elementor-post elementor-grid-item ecs-post-loop post-3046 lesson-plan type-lesson-plan status-publish hentry school-level-stiinte-gimnazial school-level-stiinte-primar\">\n\t\t<div class=\"ecs-link-wrapper\" data-href=\"https:\/\/improving-stem-education.eu\/ro\/lesson-plan\/sa-jucam-stem\/\"   >\t\t<div data-elementor-type=\"loop\" data-elementor-id=\"1918\" class=\"elementor elementor-1918 post-3046 lesson-plan type-lesson-plan status-publish hentry school-level-stiinte-gimnazial school-level-stiinte-primar\" data-elementor-post-type=\"elementor_library\">\n\t\t\t\t\t\t\t\t<section class=\"has_eae_slider elementor-section elementor-top-section elementor-element elementor-element-7248c6d elementor-section-height-min-height elementor-section-boxed elementor-section-height-default elementor-section-items-middle\" data-id=\"7248c6d\" data-element_type=\"section\" data-settings=\"{&quot;background_background&quot;:&quot;classic&quot;}\">\n\t\t\t\t\t\t\t<div class=\"elementor-background-overlay\"><\/div>\n\t\t\t\t\t\t\t<div class=\"elementor-container elementor-column-gap-default\">\n\t\t\t\t\t<div class=\"has_eae_slider elementor-column elementor-col-100 elementor-top-column elementor-element elementor-element-911c4c9\" data-id=\"911c4c9\" data-element_type=\"column\">\n\t\t\t<div class=\"elementor-widget-wrap elementor-element-populated\">\n\t\t\t\t\t\t\t\t<div class=\"elementor-element elementor-element-c4dc767 elementor-widget elementor-widget-theme-post-title elementor-page-title elementor-widget-heading\" data-id=\"c4dc767\" data-element_type=\"widget\" data-widget_type=\"theme-post-title.default\">\n\t\t\t\t<div class=\"elementor-widget-container\">\n\t\t\t<h1 class=\"elementor-heading-title elementor-size-default\">S\u0103 juc\u0103m STEM<\/h1>\t\t<\/div>\n\t\t\t\t<\/div>\n\t\t\t\t\t<\/div>\n\t\t<\/div>\n\t\t\t\t\t\t\t<\/div>\n\t\t<\/section>\n\t\t\t\t\t\t<\/div>\n\t\t<\/div>\t\t<\/article>\n\t\t\t\t<article id=\"post-3047\" class=\"elementor-post elementor-grid-item ecs-post-loop post-3047 lesson-plan type-lesson-plan status-publish hentry school-level-stiinte-primar\">\n\t\t<div class=\"ecs-link-wrapper\" data-href=\"https:\/\/improving-stem-education.eu\/ro\/lesson-plan\/poluarea-luminoasa-si-cantitatea-de-lumina-proiectarea-unei-lampi-care-previne-poluarea-luminoasa\/\"   >\t\t<div data-elementor-type=\"loop\" data-elementor-id=\"1918\" class=\"elementor elementor-1918 post-3047 lesson-plan type-lesson-plan status-publish hentry school-level-stiinte-primar\" data-elementor-post-type=\"elementor_library\">\n\t\t\t\t\t\t\t\t<section class=\"has_eae_slider elementor-section elementor-top-section elementor-element elementor-element-7248c6d elementor-section-height-min-height elementor-section-boxed elementor-section-height-default elementor-section-items-middle\" data-id=\"7248c6d\" data-element_type=\"section\" data-settings=\"{&quot;background_background&quot;:&quot;classic&quot;}\">\n\t\t\t\t\t\t\t<div class=\"elementor-background-overlay\"><\/div>\n\t\t\t\t\t\t\t<div class=\"elementor-container elementor-column-gap-default\">\n\t\t\t\t\t<div class=\"has_eae_slider elementor-column elementor-col-100 elementor-top-column elementor-element elementor-element-911c4c9\" data-id=\"911c4c9\" data-element_type=\"column\">\n\t\t\t<div class=\"elementor-widget-wrap elementor-element-populated\">\n\t\t\t\t\t\t\t\t<div class=\"elementor-element elementor-element-c4dc767 elementor-widget elementor-widget-theme-post-title elementor-page-title elementor-widget-heading\" data-id=\"c4dc767\" data-element_type=\"widget\" data-widget_type=\"theme-post-title.default\">\n\t\t\t\t<div class=\"elementor-widget-container\">\n\t\t\t<h1 class=\"elementor-heading-title elementor-size-default\">Poluarea luminoas\u0103 \u0219i cantitatea de lumin\u0103: Proiectarea unei l\u0103mpi care previne poluarea luminoas\u0103.<\/h1>\t\t<\/div>\n\t\t\t\t<\/div>\n\t\t\t\t\t<\/div>\n\t\t<\/div>\n\t\t\t\t\t\t\t<\/div>\n\t\t<\/section>\n\t\t\t\t\t\t<\/div>\n\t\t<\/div>\t\t<\/article>\n\t\t\t\t<article id=\"post-3048\" class=\"elementor-post elementor-grid-item ecs-post-loop post-3048 lesson-plan type-lesson-plan status-publish hentry school-level-stiinte-gimnazial school-level-stiinte-primar\">\n\t\t<div class=\"ecs-link-wrapper\" data-href=\"https:\/\/improving-stem-education.eu\/ro\/lesson-plan\/microbit\/\"   >\t\t<div data-elementor-type=\"loop\" data-elementor-id=\"1918\" class=\"elementor elementor-1918 post-3048 lesson-plan type-lesson-plan status-publish hentry school-level-stiinte-gimnazial school-level-stiinte-primar\" data-elementor-post-type=\"elementor_library\">\n\t\t\t\t\t\t\t\t<section class=\"has_eae_slider elementor-section elementor-top-section elementor-element elementor-element-7248c6d elementor-section-height-min-height elementor-section-boxed elementor-section-height-default elementor-section-items-middle\" data-id=\"7248c6d\" data-element_type=\"section\" data-settings=\"{&quot;background_background&quot;:&quot;classic&quot;}\">\n\t\t\t\t\t\t\t<div class=\"elementor-background-overlay\"><\/div>\n\t\t\t\t\t\t\t<div class=\"elementor-container elementor-column-gap-default\">\n\t\t\t\t\t<div class=\"has_eae_slider elementor-column elementor-col-100 elementor-top-column elementor-element elementor-element-911c4c9\" data-id=\"911c4c9\" data-element_type=\"column\">\n\t\t\t<div class=\"elementor-widget-wrap elementor-element-populated\">\n\t\t\t\t\t\t\t\t<div class=\"elementor-element elementor-element-c4dc767 elementor-widget elementor-widget-theme-post-title elementor-page-title elementor-widget-heading\" data-id=\"c4dc767\" data-element_type=\"widget\" data-widget_type=\"theme-post-title.default\">\n\t\t\t\t<div class=\"elementor-widget-container\">\n\t\t\t<h1 class=\"elementor-heading-title elementor-size-default\">Microbit<\/h1>\t\t<\/div>\n\t\t\t\t<\/div>\n\t\t\t\t\t<\/div>\n\t\t<\/div>\n\t\t\t\t\t\t\t<\/div>\n\t\t<\/section>\n\t\t\t\t\t\t<\/div>\n\t\t<\/div>\t\t<\/article>\n\t\t\t\t<article id=\"post-3049\" class=\"elementor-post elementor-grid-item ecs-post-loop post-3049 lesson-plan type-lesson-plan status-publish hentry school-level-inginerie-gimnalzial school-level-matematica-gimnazial school-level-stiinte-gimnazial school-level-stiinte-primar\">\n\t\t<div class=\"ecs-link-wrapper\" data-href=\"https:\/\/improving-stem-education.eu\/ro\/lesson-plan\/proiectarea-unui-roller-coaster-folosind-legea-conservarii-energiei-potential-energie-cinetica\/\"   >\t\t<div data-elementor-type=\"loop\" data-elementor-id=\"1918\" class=\"elementor elementor-1918 post-3049 lesson-plan type-lesson-plan status-publish hentry school-level-inginerie-gimnalzial school-level-matematica-gimnazial school-level-stiinte-gimnazial school-level-stiinte-primar\" data-elementor-post-type=\"elementor_library\">\n\t\t\t\t\t\t\t\t<section class=\"has_eae_slider elementor-section elementor-top-section elementor-element elementor-element-7248c6d elementor-section-height-min-height elementor-section-boxed elementor-section-height-default elementor-section-items-middle\" data-id=\"7248c6d\" data-element_type=\"section\" data-settings=\"{&quot;background_background&quot;:&quot;classic&quot;}\">\n\t\t\t\t\t\t\t<div class=\"elementor-background-overlay\"><\/div>\n\t\t\t\t\t\t\t<div class=\"elementor-container elementor-column-gap-default\">\n\t\t\t\t\t<div class=\"has_eae_slider elementor-column elementor-col-100 elementor-top-column elementor-element elementor-element-911c4c9\" data-id=\"911c4c9\" data-element_type=\"column\">\n\t\t\t<div class=\"elementor-widget-wrap elementor-element-populated\">\n\t\t\t\t\t\t\t\t<div class=\"elementor-element elementor-element-c4dc767 elementor-widget elementor-widget-theme-post-title elementor-page-title elementor-widget-heading\" data-id=\"c4dc767\" data-element_type=\"widget\" data-widget_type=\"theme-post-title.default\">\n\t\t\t\t<div class=\"elementor-widget-container\">\n\t\t\t<h1 class=\"elementor-heading-title elementor-size-default\">Proiectarea unui Roller Coaster folosind Legea conserv\u0103rii    energiei (poten\u021bial \/ energie cinetic\u0103)<\/h1>\t\t<\/div>\n\t\t\t\t<\/div>\n\t\t\t\t\t<\/div>\n\t\t<\/div>\n\t\t\t\t\t\t\t<\/div>\n\t\t<\/section>\n\t\t\t\t\t\t<\/div>\n\t\t<\/div>\t\t<\/article>\n\t\t\t\t<\/div>\n\t\t\t\t<\/div>\n\t\t\t\t<\/div>\n\t\t\t\t\t<\/div>\n\t\t<\/div>\n\t\t\t\t\t\t\t<\/div>\n\t\t<\/section>\n\t\t\t\t\t\t\t<\/div>\n\t\t","protected":false},"excerpt":{"rendered":"<p>Planuri de lec\u021bie<\/p>\n","protected":false},"author":1,"featured_media":0,"parent":0,"menu_order":0,"comment_status":"closed","ping_status":"closed","template":"","meta":{"_mi_skip_tracking":false,"_monsterinsights_sitenote_active":false,"_monsterinsights_sitenote_note":"","_monsterinsights_sitenote_category":0,"footnotes":""},"class_list":["post-3787","page","type-page","status-publish","hentry"],"_links":{"self":[{"href":"https:\/\/improving-stem-education.eu\/ro\/wp-json\/wp\/v2\/pages\/3787","targetHints":{"allow":["GET"]}}],"collection":[{"href":"https:\/\/improving-stem-education.eu\/ro\/wp-json\/wp\/v2\/pages"}],"about":[{"href":"https:\/\/improving-stem-education.eu\/ro\/wp-json\/wp\/v2\/types\/page"}],"author":[{"embeddable":true,"href":"https:\/\/improving-stem-education.eu\/ro\/wp-json\/wp\/v2\/users\/1"}],"replies":[{"embeddable":true,"href":"https:\/\/improving-stem-education.eu\/ro\/wp-json\/wp\/v2\/comments?post=3787"}],"version-history":[{"count":7,"href":"https:\/\/improving-stem-education.eu\/ro\/wp-json\/wp\/v2\/pages\/3787\/revisions"}],"predecessor-version":[{"id":3840,"href":"https:\/\/improving-stem-education.eu\/ro\/wp-json\/wp\/v2\/pages\/3787\/revisions\/3840"}],"wp:attachment":[{"href":"https:\/\/improving-stem-education.eu\/ro\/wp-json\/wp\/v2\/media?parent=3787"}],"curies":[{"name":"wp","href":"https:\/\/api.w.org\/{rel}","templated":true}]}}