{"id":1681,"date":"2022-01-21T10:51:58","date_gmt":"2022-01-21T09:51:58","guid":{"rendered":"https:\/\/improving-stem-education.eu\/?page_id=1681"},"modified":"2022-10-11T13:01:31","modified_gmt":"2022-10-11T11:01:31","slug":"e-ogrenme-alani","status":"publish","type":"page","link":"https:\/\/improving-stem-education.eu\/tr\/e-ogrenme-alani\/","title":{"rendered":"e-\u00d6\u011frenme Alan\u0131"},"content":{"rendered":"\t\t<div data-elementor-type=\"wp-page\" data-elementor-id=\"1681\" class=\"elementor elementor-1681 elementor-1367\" data-elementor-post-type=\"page\">\n\t\t\t\t\t\t\t\t\t<section class=\"has_eae_slider elementor-section elementor-top-section elementor-element elementor-element-c6bcf87 elementor-section-height-min-height elementor-section-items-top elementor-section-boxed elementor-section-height-default\" data-id=\"c6bcf87\" data-element_type=\"section\" data-settings=\"{&quot;background_background&quot;:&quot;classic&quot;}\">\n\t\t\t\t\t\t<div class=\"elementor-container elementor-column-gap-no\">\n\t\t\t\t\t<div class=\"has_eae_slider elementor-column elementor-col-33 elementor-top-column elementor-element elementor-element-15d2d48\" data-id=\"15d2d48\" data-element_type=\"column\">\n\t\t\t<div class=\"elementor-widget-wrap\">\n\t\t\t\t\t\t\t\t\t<\/div>\n\t\t<\/div>\n\t\t\t\t<div class=\"has_eae_slider elementor-column elementor-col-33 elementor-top-column elementor-element elementor-element-764f5d4\" data-id=\"764f5d4\" data-element_type=\"column\">\n\t\t\t<div class=\"elementor-widget-wrap elementor-element-populated\">\n\t\t\t\t\t\t\t\t<div class=\"elementor-element elementor-element-633d5e0 elementor-widget elementor-widget-spacer\" data-id=\"633d5e0\" data-element_type=\"widget\" data-widget_type=\"spacer.default\">\n\t\t\t\t<div class=\"elementor-widget-container\">\n\t\t\t\t\t<div class=\"elementor-spacer\">\n\t\t\t<div class=\"elementor-spacer-inner\"><\/div>\n\t\t<\/div>\n\t\t\t\t<\/div>\n\t\t\t\t<\/div>\n\t\t\t\t<div class=\"elementor-element elementor-element-5017668 elementor-widget elementor-widget-text-editor\" data-id=\"5017668\" data-element_type=\"widget\" data-widget_type=\"text-editor.default\">\n\t\t\t\t<div class=\"elementor-widget-container\">\n\t\t\t\t\t\t\t\t\t\t\t\t\t<\/div>\n\t\t\t\t<\/div>\n\t\t\t\t<div class=\"elementor-element elementor-element-0cbc81a elementor-widget elementor-widget-text-editor\" data-id=\"0cbc81a\" data-element_type=\"widget\" data-widget_type=\"text-editor.default\">\n\t\t\t\t<div class=\"elementor-widget-container\">\n\t\t\t\t\t\t\t<p><span style=\"font-weight: 400;\">Avrupa&#8217;n\u0131n her yerinden STEM dersi \u00f6\u011fretmenlerinin ihtiya\u00e7lar\u0131n\u0131 inceleyerek sizin i\u00e7in geli\u015ftirdi\u011fimiz e-kurslar\u0131n keyfini \u00e7\u0131karma \u015fans\u0131 f\u0131rsat\u0131 sunmak istedik. Bu kaynaklar arac\u0131l\u0131\u011f\u0131yla, size STEM konular\u0131n\u0131 \u00f6\u011fretmek i\u00e7in yenilik\u00e7i y\u00f6ntemler ve bunlar\u0131 gen\u00e7ler i\u00e7in\u00a0 daha ilgin\u00e7 ve \u00e7ekici hale getirebilece\u011finiz kaynaklar sunarak s\u00fcrekli mesleki geli\u015fiminizi desteklemek istiyoruz.<\/span><\/p>\t\t\t\t\t\t<\/div>\n\t\t\t\t<\/div>\n\t\t\t\t<div class=\"elementor-element elementor-element-9bc01e0 elementor-align-left elementor-widget elementor-widget-button\" data-id=\"9bc01e0\" data-element_type=\"widget\" data-widget_type=\"button.default\">\n\t\t\t\t<div class=\"elementor-widget-container\">\n\t\t\t\t\t<div class=\"elementor-button-wrapper\">\n\t\t\t<a class=\"elementor-button elementor-button-link elementor-size-md\" href=\"https:\/\/e-learning.improving-stem-education.eu\/\" target=\"_blank\">\n\t\t\t\t\t\t<span class=\"elementor-button-content-wrapper\">\n\t\t\t\t\t\t<span class=\"elementor-button-text\">e-\u00f6\u011frenme alan\u0131 >><\/span>\n\t\t<\/span>\n\t\t\t\t\t<\/a>\n\t\t<\/div>\n\t\t\t\t<\/div>\n\t\t\t\t<\/div>\n\t\t\t\t\t<\/div>\n\t\t<\/div>\n\t\t\t\t<div class=\"has_eae_slider elementor-column elementor-col-33 elementor-top-column elementor-element elementor-element-14cb88e\" data-id=\"14cb88e\" data-element_type=\"column\">\n\t\t\t<div class=\"elementor-widget-wrap elementor-element-populated\">\n\t\t\t\t\t\t\t\t<div class=\"elementor-element elementor-element-b0d9d32 elementor-absolute elementor-hidden-phone elementor-widget elementor-widget-image\" data-id=\"b0d9d32\" data-element_type=\"widget\" data-settings=\"{&quot;_position&quot;:&quot;absolute&quot;,&quot;motion_fx_motion_fx_scrolling&quot;:&quot;yes&quot;,&quot;motion_fx_devices&quot;:[&quot;desktop&quot;,&quot;tablet&quot;,&quot;mobile&quot;]}\" data-widget_type=\"image.default\">\n\t\t\t\t<div class=\"elementor-widget-container\">\n\t\t\t\t\t\t\t\t\t\t\t\t\t\t\t<img loading=\"lazy\" decoding=\"async\" width=\"2048\" height=\"1260\" src=\"https:\/\/improving-stem-education.eu\/wp-content\/uploads\/2021\/06\/Tracciato-55@2x-2048x1260.png\" class=\"attachment-2048x2048 size-2048x2048 wp-image-903\" alt=\"\" srcset=\"https:\/\/improving-stem-education.eu\/wp-content\/uploads\/2021\/06\/Tracciato-55@2x-2048x1260.png 2048w, https:\/\/improving-stem-education.eu\/wp-content\/uploads\/2021\/06\/Tracciato-55@2x-300x185.png 300w, https:\/\/improving-stem-education.eu\/wp-content\/uploads\/2021\/06\/Tracciato-55@2x-1024x630.png 1024w, https:\/\/improving-stem-education.eu\/wp-content\/uploads\/2021\/06\/Tracciato-55@2x-768x472.png 768w, https:\/\/improving-stem-education.eu\/wp-content\/uploads\/2021\/06\/Tracciato-55@2x-1536x945.png 1536w\" sizes=\"auto, (max-width: 2048px) 100vw, 2048px\" \/>\t\t\t\t\t\t\t\t\t\t\t\t\t\t\t<\/div>\n\t\t\t\t<\/div>\n\t\t\t\t\t<\/div>\n\t\t<\/div>\n\t\t\t\t\t\t\t<\/div>\n\t\t<\/section>\n\t\t\t\t\t\t\t<\/div>\n\t\t","protected":false},"excerpt":{"rendered":"<p>Avrupa&#8217;n\u0131n her yerinden STEM dersi \u00f6\u011fretmenlerinin ihtiya\u00e7lar\u0131n\u0131 inceleyerek sizin i\u00e7in geli\u015ftirdi\u011fimiz e-kurslar\u0131n keyfini \u00e7\u0131karma \u015fans\u0131 f\u0131rsat\u0131 sunmak istedik. Bu kaynaklar arac\u0131l\u0131\u011f\u0131yla, size STEM konular\u0131n\u0131 \u00f6\u011fretmek i\u00e7in yenilik\u00e7i y\u00f6ntemler ve bunlar\u0131 gen\u00e7ler i\u00e7in\u00a0 daha ilgin\u00e7 ve \u00e7ekici hale getirebilece\u011finiz kaynaklar sunarak s\u00fcrekli mesleki geli\u015fiminizi desteklemek istiyoruz. e-\u00f6\u011frenme alan\u0131 >><\/p>\n","protected":false},"author":1,"featured_media":0,"parent":0,"menu_order":0,"comment_status":"closed","ping_status":"closed","template":"elementor_header_footer","meta":{"_mi_skip_tracking":false,"_monsterinsights_sitenote_active":false,"_monsterinsights_sitenote_note":"","_monsterinsights_sitenote_category":0,"footnotes":""},"class_list":["post-1681","page","type-page","status-publish","hentry"],"_links":{"self":[{"href":"https:\/\/improving-stem-education.eu\/tr\/wp-json\/wp\/v2\/pages\/1681","targetHints":{"allow":["GET"]}}],"collection":[{"href":"https:\/\/improving-stem-education.eu\/tr\/wp-json\/wp\/v2\/pages"}],"about":[{"href":"https:\/\/improving-stem-education.eu\/tr\/wp-json\/wp\/v2\/types\/page"}],"author":[{"embeddable":true,"href":"https:\/\/improving-stem-education.eu\/tr\/wp-json\/wp\/v2\/users\/1"}],"replies":[{"embeddable":true,"href":"https:\/\/improving-stem-education.eu\/tr\/wp-json\/wp\/v2\/comments?post=1681"}],"version-history":[{"count":7,"href":"https:\/\/improving-stem-education.eu\/tr\/wp-json\/wp\/v2\/pages\/1681\/revisions"}],"predecessor-version":[{"id":3924,"href":"https:\/\/improving-stem-education.eu\/tr\/wp-json\/wp\/v2\/pages\/1681\/revisions\/3924"}],"wp:attachment":[{"href":"https:\/\/improving-stem-education.eu\/tr\/wp-json\/wp\/v2\/media?parent=1681"}],"curies":[{"name":"wp","href":"https:\/\/api.w.org\/{rel}","templated":true}]}}