{"id":3788,"date":"2022-09-01T16:23:03","date_gmt":"2022-09-01T14:23:03","guid":{"rendered":"https:\/\/improving-stem-education.eu\/?page_id=3788"},"modified":"2022-09-07T10:32:58","modified_gmt":"2022-09-07T08:32:58","slug":"lesson-plans","status":"publish","type":"page","link":"https:\/\/improving-stem-education.eu\/tr\/lesson-plans\/","title":{"rendered":"Lesson plans"},"content":{"rendered":"\t\t<div data-elementor-type=\"wp-page\" data-elementor-id=\"3788\" class=\"elementor elementor-3788 elementor-1909\" data-elementor-post-type=\"page\">\n\t\t\t\t\t\t\t\t\t<section class=\"has_eae_slider elementor-section elementor-top-section elementor-element elementor-element-6c1eb97 elementor-section-boxed elementor-section-height-default elementor-section-height-default\" data-id=\"6c1eb97\" data-element_type=\"section\">\n\t\t\t\t\t\t<div class=\"elementor-container elementor-column-gap-default\">\n\t\t\t\t\t<div class=\"has_eae_slider elementor-column elementor-col-100 elementor-top-column elementor-element elementor-element-d241063\" data-id=\"d241063\" data-element_type=\"column\">\n\t\t\t<div class=\"elementor-widget-wrap\">\n\t\t\t\t\t\t\t\t\t<\/div>\n\t\t<\/div>\n\t\t\t\t\t\t\t<\/div>\n\t\t<\/section>\n\t\t\t\t<section class=\"has_eae_slider elementor-section elementor-top-section elementor-element elementor-element-f11b2c0 elementor-section-boxed elementor-section-height-default elementor-section-height-default\" data-id=\"f11b2c0\" data-element_type=\"section\">\n\t\t\t\t\t\t<div class=\"elementor-container elementor-column-gap-default\">\n\t\t\t\t\t<div class=\"has_eae_slider elementor-column elementor-col-100 elementor-top-column elementor-element elementor-element-9b6d169\" data-id=\"9b6d169\" data-element_type=\"column\">\n\t\t\t<div class=\"elementor-widget-wrap elementor-element-populated\">\n\t\t\t\t\t\t\t\t<div class=\"elementor-element elementor-element-5e69d3d elementor-widget elementor-widget-heading\" data-id=\"5e69d3d\" data-element_type=\"widget\" data-widget_type=\"heading.default\">\n\t\t\t\t<div class=\"elementor-widget-container\">\n\t\t\t<h1 class=\"elementor-heading-title elementor-size-default\">Ders Planlar\u0131<\/h1>\t\t<\/div>\n\t\t\t\t<\/div>\n\t\t\t\t<div class=\"elementor-element elementor-element-e2fad17 elementor-posts--thumbnail-top elementor-grid-3 elementor-grid-tablet-2 elementor-grid-mobile-1 elementor-widget elementor-widget-posts\" data-id=\"e2fad17\" data-element_type=\"widget\" data-settings=\"{&quot;custom_masonrys&quot;:&quot;yes&quot;,&quot;custom_columns&quot;:&quot;3&quot;,&quot;custom_columns_tablet&quot;:&quot;2&quot;,&quot;custom_columns_mobile&quot;:&quot;1&quot;,&quot;custom_row_gap&quot;:{&quot;unit&quot;:&quot;px&quot;,&quot;size&quot;:35,&quot;sizes&quot;:[]},&quot;custom_row_gap_tablet&quot;:{&quot;unit&quot;:&quot;px&quot;,&quot;size&quot;:&quot;&quot;,&quot;sizes&quot;:[]},&quot;custom_row_gap_mobile&quot;:{&quot;unit&quot;:&quot;px&quot;,&quot;size&quot;:&quot;&quot;,&quot;sizes&quot;:[]}}\" data-widget_type=\"posts.custom\">\n\t\t\t\t<div class=\"elementor-widget-container\">\n\t\t\t      <div class=\"ecs-posts elementor-posts-container elementor-posts   elementor-grid elementor-posts--skin-custom\" data-settings=\"{&quot;current_page&quot;:1,&quot;max_num_pages&quot;:1,&quot;load_method&quot;:&quot;&quot;,&quot;widget_id&quot;:&quot;e2fad17&quot;,&quot;post_id&quot;:3788,&quot;theme_id&quot;:3788,&quot;change_url&quot;:false,&quot;reinit_js&quot;:false}\">\n      \t\t<article id=\"post-3050\" class=\"elementor-post elementor-grid-item ecs-post-loop post-3050 lesson-plan type-lesson-plan status-publish hentry school-level-lise-fen-fizikkimyabiyoloji\">\n\t\t<div class=\"ecs-link-wrapper\" data-href=\"https:\/\/improving-stem-education.eu\/tr\/lesson-plan\/2-grup-ve-7-grup-17-elementlerin-kimyasal-ozellikleri\/\"   >\t\t<div data-elementor-type=\"loop\" data-elementor-id=\"1918\" class=\"elementor elementor-1918 post-3050 lesson-plan type-lesson-plan status-publish hentry school-level-lise-fen-fizikkimyabiyoloji\" data-elementor-post-type=\"elementor_library\">\n\t\t\t\t\t\t\t\t<section class=\"has_eae_slider elementor-section elementor-top-section elementor-element elementor-element-7248c6d elementor-section-height-min-height elementor-section-boxed elementor-section-height-default elementor-section-items-middle\" data-id=\"7248c6d\" data-element_type=\"section\" data-settings=\"{&quot;background_background&quot;:&quot;classic&quot;}\">\n\t\t\t\t\t\t\t<div class=\"elementor-background-overlay\"><\/div>\n\t\t\t\t\t\t\t<div class=\"elementor-container elementor-column-gap-default\">\n\t\t\t\t\t<div class=\"has_eae_slider elementor-column elementor-col-100 elementor-top-column elementor-element elementor-element-911c4c9\" data-id=\"911c4c9\" data-element_type=\"column\">\n\t\t\t<div class=\"elementor-widget-wrap elementor-element-populated\">\n\t\t\t\t\t\t\t\t<div class=\"elementor-element elementor-element-c4dc767 elementor-widget elementor-widget-theme-post-title elementor-page-title elementor-widget-heading\" data-id=\"c4dc767\" data-element_type=\"widget\" data-widget_type=\"theme-post-title.default\">\n\t\t\t\t<div class=\"elementor-widget-container\">\n\t\t\t<h1 class=\"elementor-heading-title elementor-size-default\">2. grup ve 7. grup (17) elementlerin kimyasal \u00f6zellikleri<\/h1>\t\t<\/div>\n\t\t\t\t<\/div>\n\t\t\t\t\t<\/div>\n\t\t<\/div>\n\t\t\t\t\t\t\t<\/div>\n\t\t<\/section>\n\t\t\t\t\t\t<\/div>\n\t\t<\/div>\t\t<\/article>\n\t\t\t\t<article id=\"post-3057\" class=\"elementor-post elementor-grid-item ecs-post-loop post-3057 lesson-plan type-lesson-plan status-publish hentry school-level-lise-teknoloji\">\n\t\t<div class=\"ecs-link-wrapper\" data-href=\"https:\/\/improving-stem-education.eu\/tr\/lesson-plan\/python-programlama\/\"   >\t\t<div data-elementor-type=\"loop\" data-elementor-id=\"1918\" class=\"elementor elementor-1918 post-3057 lesson-plan type-lesson-plan status-publish hentry school-level-lise-teknoloji\" data-elementor-post-type=\"elementor_library\">\n\t\t\t\t\t\t\t\t<section class=\"has_eae_slider elementor-section elementor-top-section elementor-element elementor-element-7248c6d elementor-section-height-min-height elementor-section-boxed elementor-section-height-default elementor-section-items-middle\" data-id=\"7248c6d\" data-element_type=\"section\" data-settings=\"{&quot;background_background&quot;:&quot;classic&quot;}\">\n\t\t\t\t\t\t\t<div class=\"elementor-background-overlay\"><\/div>\n\t\t\t\t\t\t\t<div class=\"elementor-container elementor-column-gap-default\">\n\t\t\t\t\t<div class=\"has_eae_slider elementor-column elementor-col-100 elementor-top-column elementor-element elementor-element-911c4c9\" data-id=\"911c4c9\" data-element_type=\"column\">\n\t\t\t<div class=\"elementor-widget-wrap elementor-element-populated\">\n\t\t\t\t\t\t\t\t<div class=\"elementor-element elementor-element-c4dc767 elementor-widget elementor-widget-theme-post-title elementor-page-title elementor-widget-heading\" data-id=\"c4dc767\" data-element_type=\"widget\" data-widget_type=\"theme-post-title.default\">\n\t\t\t\t<div class=\"elementor-widget-container\">\n\t\t\t<h1 class=\"elementor-heading-title elementor-size-default\">Python programlama<\/h1>\t\t<\/div>\n\t\t\t\t<\/div>\n\t\t\t\t\t<\/div>\n\t\t<\/div>\n\t\t\t\t\t\t\t<\/div>\n\t\t<\/section>\n\t\t\t\t\t\t<\/div>\n\t\t<\/div>\t\t<\/article>\n\t\t\t\t<article id=\"post-3058\" class=\"elementor-post elementor-grid-item ecs-post-loop post-3058 lesson-plan type-lesson-plan status-publish hentry school-level-ilkokul-ortaokul-fen-bilgisi\">\n\t\t<div class=\"ecs-link-wrapper\" data-href=\"https:\/\/improving-stem-education.eu\/tr\/lesson-plan\/gamemaker\/\"   >\t\t<div data-elementor-type=\"loop\" data-elementor-id=\"1918\" class=\"elementor elementor-1918 post-3058 lesson-plan type-lesson-plan status-publish hentry school-level-ilkokul-ortaokul-fen-bilgisi\" data-elementor-post-type=\"elementor_library\">\n\t\t\t\t\t\t\t\t<section class=\"has_eae_slider elementor-section elementor-top-section elementor-element elementor-element-7248c6d elementor-section-height-min-height elementor-section-boxed elementor-section-height-default elementor-section-items-middle\" data-id=\"7248c6d\" data-element_type=\"section\" data-settings=\"{&quot;background_background&quot;:&quot;classic&quot;}\">\n\t\t\t\t\t\t\t<div class=\"elementor-background-overlay\"><\/div>\n\t\t\t\t\t\t\t<div class=\"elementor-container elementor-column-gap-default\">\n\t\t\t\t\t<div class=\"has_eae_slider elementor-column elementor-col-100 elementor-top-column elementor-element elementor-element-911c4c9\" data-id=\"911c4c9\" data-element_type=\"column\">\n\t\t\t<div class=\"elementor-widget-wrap elementor-element-populated\">\n\t\t\t\t\t\t\t\t<div class=\"elementor-element elementor-element-c4dc767 elementor-widget elementor-widget-theme-post-title elementor-page-title elementor-widget-heading\" data-id=\"c4dc767\" data-element_type=\"widget\" data-widget_type=\"theme-post-title.default\">\n\t\t\t\t<div class=\"elementor-widget-container\">\n\t\t\t<h1 class=\"elementor-heading-title elementor-size-default\">Gamemaker<\/h1>\t\t<\/div>\n\t\t\t\t<\/div>\n\t\t\t\t\t<\/div>\n\t\t<\/div>\n\t\t\t\t\t\t\t<\/div>\n\t\t<\/section>\n\t\t\t\t\t\t<\/div>\n\t\t<\/div>\t\t<\/article>\n\t\t\t\t<article id=\"post-3059\" class=\"elementor-post elementor-grid-item ecs-post-loop post-3059 lesson-plan type-lesson-plan status-publish hentry school-level-ilkokul-ortaokul-fen-bilgisi school-level-lise-fen-fizikkimyabiyoloji\">\n\t\t<div class=\"ecs-link-wrapper\" data-href=\"https:\/\/improving-stem-education.eu\/tr\/lesson-plan\/microbit\/\"   >\t\t<div data-elementor-type=\"loop\" data-elementor-id=\"1918\" class=\"elementor elementor-1918 post-3059 lesson-plan type-lesson-plan status-publish hentry school-level-ilkokul-ortaokul-fen-bilgisi school-level-lise-fen-fizikkimyabiyoloji\" data-elementor-post-type=\"elementor_library\">\n\t\t\t\t\t\t\t\t<section class=\"has_eae_slider elementor-section elementor-top-section elementor-element elementor-element-7248c6d elementor-section-height-min-height elementor-section-boxed elementor-section-height-default elementor-section-items-middle\" data-id=\"7248c6d\" data-element_type=\"section\" data-settings=\"{&quot;background_background&quot;:&quot;classic&quot;}\">\n\t\t\t\t\t\t\t<div class=\"elementor-background-overlay\"><\/div>\n\t\t\t\t\t\t\t<div class=\"elementor-container elementor-column-gap-default\">\n\t\t\t\t\t<div class=\"has_eae_slider elementor-column elementor-col-100 elementor-top-column elementor-element elementor-element-911c4c9\" data-id=\"911c4c9\" data-element_type=\"column\">\n\t\t\t<div class=\"elementor-widget-wrap elementor-element-populated\">\n\t\t\t\t\t\t\t\t<div class=\"elementor-element elementor-element-c4dc767 elementor-widget elementor-widget-theme-post-title elementor-page-title elementor-widget-heading\" data-id=\"c4dc767\" data-element_type=\"widget\" data-widget_type=\"theme-post-title.default\">\n\t\t\t\t<div class=\"elementor-widget-container\">\n\t\t\t<h1 class=\"elementor-heading-title elementor-size-default\">Microbit<\/h1>\t\t<\/div>\n\t\t\t\t<\/div>\n\t\t\t\t\t<\/div>\n\t\t<\/div>\n\t\t\t\t\t\t\t<\/div>\n\t\t<\/section>\n\t\t\t\t\t\t<\/div>\n\t\t<\/div>\t\t<\/article>\n\t\t\t\t<article id=\"post-3060\" class=\"elementor-post elementor-grid-item ecs-post-loop post-3060 lesson-plan type-lesson-plan status-publish hentry school-level-ilkokul-ortaokul-fen-bilgisi\">\n\t\t<div class=\"ecs-link-wrapper\" data-href=\"https:\/\/improving-stem-education.eu\/tr\/lesson-plan\/earth-cevreyi-korumak-icin-harekete-gec\/\"   >\t\t<div data-elementor-type=\"loop\" data-elementor-id=\"1918\" class=\"elementor elementor-1918 post-3060 lesson-plan type-lesson-plan status-publish hentry school-level-ilkokul-ortaokul-fen-bilgisi\" data-elementor-post-type=\"elementor_library\">\n\t\t\t\t\t\t\t\t<section class=\"has_eae_slider elementor-section elementor-top-section elementor-element elementor-element-7248c6d elementor-section-height-min-height elementor-section-boxed elementor-section-height-default elementor-section-items-middle\" data-id=\"7248c6d\" data-element_type=\"section\" data-settings=\"{&quot;background_background&quot;:&quot;classic&quot;}\">\n\t\t\t\t\t\t\t<div class=\"elementor-background-overlay\"><\/div>\n\t\t\t\t\t\t\t<div class=\"elementor-container elementor-column-gap-default\">\n\t\t\t\t\t<div class=\"has_eae_slider elementor-column elementor-col-100 elementor-top-column elementor-element elementor-element-911c4c9\" data-id=\"911c4c9\" data-element_type=\"column\">\n\t\t\t<div class=\"elementor-widget-wrap elementor-element-populated\">\n\t\t\t\t\t\t\t\t<div class=\"elementor-element elementor-element-c4dc767 elementor-widget elementor-widget-theme-post-title elementor-page-title elementor-widget-heading\" data-id=\"c4dc767\" data-element_type=\"widget\" data-widget_type=\"theme-post-title.default\">\n\t\t\t\t<div class=\"elementor-widget-container\">\n\t\t\t<h1 class=\"elementor-heading-title elementor-size-default\">EARTH -\u00c7evreyi Korumak \u0130\u00e7in Harekete Ge\u00e7!<\/h1>\t\t<\/div>\n\t\t\t\t<\/div>\n\t\t\t\t\t<\/div>\n\t\t<\/div>\n\t\t\t\t\t\t\t<\/div>\n\t\t<\/section>\n\t\t\t\t\t\t<\/div>\n\t\t<\/div>\t\t<\/article>\n\t\t\t\t<article id=\"post-3061\" class=\"elementor-post elementor-grid-item ecs-post-loop post-3061 lesson-plan type-lesson-plan status-publish hentry school-level-lise-teknoloji\">\n\t\t<div class=\"ecs-link-wrapper\" data-href=\"https:\/\/improving-stem-education.eu\/tr\/lesson-plan\/akilli-sensor-oyunu\/\"   >\t\t<div data-elementor-type=\"loop\" data-elementor-id=\"1918\" class=\"elementor elementor-1918 post-3061 lesson-plan type-lesson-plan status-publish hentry school-level-lise-teknoloji\" data-elementor-post-type=\"elementor_library\">\n\t\t\t\t\t\t\t\t<section class=\"has_eae_slider elementor-section elementor-top-section elementor-element elementor-element-7248c6d elementor-section-height-min-height elementor-section-boxed elementor-section-height-default elementor-section-items-middle\" data-id=\"7248c6d\" data-element_type=\"section\" data-settings=\"{&quot;background_background&quot;:&quot;classic&quot;}\">\n\t\t\t\t\t\t\t<div class=\"elementor-background-overlay\"><\/div>\n\t\t\t\t\t\t\t<div class=\"elementor-container elementor-column-gap-default\">\n\t\t\t\t\t<div class=\"has_eae_slider elementor-column elementor-col-100 elementor-top-column elementor-element elementor-element-911c4c9\" data-id=\"911c4c9\" data-element_type=\"column\">\n\t\t\t<div class=\"elementor-widget-wrap elementor-element-populated\">\n\t\t\t\t\t\t\t\t<div class=\"elementor-element elementor-element-c4dc767 elementor-widget elementor-widget-theme-post-title elementor-page-title elementor-widget-heading\" data-id=\"c4dc767\" data-element_type=\"widget\" data-widget_type=\"theme-post-title.default\">\n\t\t\t\t<div class=\"elementor-widget-container\">\n\t\t\t<h1 class=\"elementor-heading-title elementor-size-default\">Ak\u0131ll\u0131 Sens\u00f6r Oyunu<\/h1>\t\t<\/div>\n\t\t\t\t<\/div>\n\t\t\t\t\t<\/div>\n\t\t<\/div>\n\t\t\t\t\t\t\t<\/div>\n\t\t<\/section>\n\t\t\t\t\t\t<\/div>\n\t\t<\/div>\t\t<\/article>\n\t\t\t\t<article id=\"post-3062\" class=\"elementor-post elementor-grid-item ecs-post-loop post-3062 lesson-plan type-lesson-plan status-publish hentry school-level-lise-muhendislik\">\n\t\t<div class=\"ecs-link-wrapper\" data-href=\"https:\/\/improving-stem-education.eu\/tr\/lesson-plan\/egimli-bir-yol-kullanarak-yercekimi-ivmesinin-hesaplanmasi-is-enerji-teoremi\/\"   >\t\t<div data-elementor-type=\"loop\" data-elementor-id=\"1918\" class=\"elementor elementor-1918 post-3062 lesson-plan type-lesson-plan status-publish hentry school-level-lise-muhendislik\" data-elementor-post-type=\"elementor_library\">\n\t\t\t\t\t\t\t\t<section class=\"has_eae_slider elementor-section elementor-top-section elementor-element elementor-element-7248c6d elementor-section-height-min-height elementor-section-boxed elementor-section-height-default elementor-section-items-middle\" data-id=\"7248c6d\" data-element_type=\"section\" data-settings=\"{&quot;background_background&quot;:&quot;classic&quot;}\">\n\t\t\t\t\t\t\t<div class=\"elementor-background-overlay\"><\/div>\n\t\t\t\t\t\t\t<div class=\"elementor-container elementor-column-gap-default\">\n\t\t\t\t\t<div class=\"has_eae_slider elementor-column elementor-col-100 elementor-top-column elementor-element elementor-element-911c4c9\" data-id=\"911c4c9\" data-element_type=\"column\">\n\t\t\t<div class=\"elementor-widget-wrap elementor-element-populated\">\n\t\t\t\t\t\t\t\t<div class=\"elementor-element elementor-element-c4dc767 elementor-widget elementor-widget-theme-post-title elementor-page-title elementor-widget-heading\" data-id=\"c4dc767\" data-element_type=\"widget\" data-widget_type=\"theme-post-title.default\">\n\t\t\t\t<div class=\"elementor-widget-container\">\n\t\t\t<h1 class=\"elementor-heading-title elementor-size-default\">E\u011fimli bir yol kullanarak yer\u00e7ekimi ivmesinin hesaplanmas\u0131 \u2013 \u0130\u015f &#8211; enerji teoremi<\/h1>\t\t<\/div>\n\t\t\t\t<\/div>\n\t\t\t\t\t<\/div>\n\t\t<\/div>\n\t\t\t\t\t\t\t<\/div>\n\t\t<\/section>\n\t\t\t\t\t\t<\/div>\n\t\t<\/div>\t\t<\/article>\n\t\t\t\t<article id=\"post-3063\" class=\"elementor-post elementor-grid-item ecs-post-loop post-3063 lesson-plan type-lesson-plan status-publish hentry school-level-ilkokul-ortaokul-fen-bilgisi school-level-lise-fen-fizikkimyabiyoloji\">\n\t\t<div class=\"ecs-link-wrapper\" data-href=\"https:\/\/improving-stem-education.eu\/tr\/lesson-plan\/oyunlastirma-ile-stem\/\"   >\t\t<div data-elementor-type=\"loop\" data-elementor-id=\"1918\" class=\"elementor elementor-1918 post-3063 lesson-plan type-lesson-plan status-publish hentry school-level-ilkokul-ortaokul-fen-bilgisi school-level-lise-fen-fizikkimyabiyoloji\" data-elementor-post-type=\"elementor_library\">\n\t\t\t\t\t\t\t\t<section class=\"has_eae_slider elementor-section elementor-top-section elementor-element elementor-element-7248c6d elementor-section-height-min-height elementor-section-boxed elementor-section-height-default elementor-section-items-middle\" data-id=\"7248c6d\" data-element_type=\"section\" data-settings=\"{&quot;background_background&quot;:&quot;classic&quot;}\">\n\t\t\t\t\t\t\t<div class=\"elementor-background-overlay\"><\/div>\n\t\t\t\t\t\t\t<div class=\"elementor-container elementor-column-gap-default\">\n\t\t\t\t\t<div class=\"has_eae_slider elementor-column elementor-col-100 elementor-top-column elementor-element elementor-element-911c4c9\" data-id=\"911c4c9\" data-element_type=\"column\">\n\t\t\t<div class=\"elementor-widget-wrap elementor-element-populated\">\n\t\t\t\t\t\t\t\t<div class=\"elementor-element elementor-element-c4dc767 elementor-widget elementor-widget-theme-post-title elementor-page-title elementor-widget-heading\" data-id=\"c4dc767\" data-element_type=\"widget\" data-widget_type=\"theme-post-title.default\">\n\t\t\t\t<div class=\"elementor-widget-container\">\n\t\t\t<h1 class=\"elementor-heading-title elementor-size-default\">Oyunla\u015ft\u0131rma ile STEM<\/h1>\t\t<\/div>\n\t\t\t\t<\/div>\n\t\t\t\t\t<\/div>\n\t\t<\/div>\n\t\t\t\t\t\t\t<\/div>\n\t\t<\/section>\n\t\t\t\t\t\t<\/div>\n\t\t<\/div>\t\t<\/article>\n\t\t\t\t<article id=\"post-3064\" class=\"elementor-post elementor-grid-item ecs-post-loop post-3064 lesson-plan type-lesson-plan status-publish hentry school-level-ilkokul-ortaokul-fen-bilgisi school-level-lise-fen-fizikkimyabiyoloji school-level-lise-matematik school-level-lise-muhendislik\">\n\t\t<div class=\"ecs-link-wrapper\" data-href=\"https:\/\/improving-stem-education.eu\/tr\/lesson-plan\/enerjinin-korunumu-yasasini-kullanarak-hiz-treni-tasarlamak-potansiyel-kinetik-enerji\/\"   >\t\t<div data-elementor-type=\"loop\" data-elementor-id=\"1918\" class=\"elementor elementor-1918 post-3064 lesson-plan type-lesson-plan status-publish hentry school-level-ilkokul-ortaokul-fen-bilgisi school-level-lise-fen-fizikkimyabiyoloji school-level-lise-matematik school-level-lise-muhendislik\" data-elementor-post-type=\"elementor_library\">\n\t\t\t\t\t\t\t\t<section class=\"has_eae_slider elementor-section elementor-top-section elementor-element elementor-element-7248c6d elementor-section-height-min-height elementor-section-boxed elementor-section-height-default elementor-section-items-middle\" data-id=\"7248c6d\" data-element_type=\"section\" data-settings=\"{&quot;background_background&quot;:&quot;classic&quot;}\">\n\t\t\t\t\t\t\t<div class=\"elementor-background-overlay\"><\/div>\n\t\t\t\t\t\t\t<div class=\"elementor-container elementor-column-gap-default\">\n\t\t\t\t\t<div class=\"has_eae_slider elementor-column elementor-col-100 elementor-top-column elementor-element elementor-element-911c4c9\" data-id=\"911c4c9\" data-element_type=\"column\">\n\t\t\t<div class=\"elementor-widget-wrap elementor-element-populated\">\n\t\t\t\t\t\t\t\t<div class=\"elementor-element elementor-element-c4dc767 elementor-widget elementor-widget-theme-post-title elementor-page-title elementor-widget-heading\" data-id=\"c4dc767\" data-element_type=\"widget\" data-widget_type=\"theme-post-title.default\">\n\t\t\t\t<div class=\"elementor-widget-container\">\n\t\t\t<h1 class=\"elementor-heading-title elementor-size-default\">Enerjinin Korunumu Yasas\u0131n\u0131 Kullanarak H\u0131z Treni Tasarlamak (Potansiyel\/Kinetik Enerji)<\/h1>\t\t<\/div>\n\t\t\t\t<\/div>\n\t\t\t\t\t<\/div>\n\t\t<\/div>\n\t\t\t\t\t\t\t<\/div>\n\t\t<\/section>\n\t\t\t\t\t\t<\/div>\n\t\t<\/div>\t\t<\/article>\n\t\t\t\t<article id=\"post-3065\" class=\"elementor-post elementor-grid-item ecs-post-loop post-3065 lesson-plan type-lesson-plan status-publish hentry school-level-ilkokul-ortaokul-fen-bilgisi\">\n\t\t<div class=\"ecs-link-wrapper\" data-href=\"https:\/\/improving-stem-education.eu\/tr\/lesson-plan\/isik-kirliligi-ve-isik-miktari-isik-kirliligini-onleyen-bir-lamba-tasarlamak\/\"   >\t\t<div data-elementor-type=\"loop\" data-elementor-id=\"1918\" class=\"elementor elementor-1918 post-3065 lesson-plan type-lesson-plan status-publish hentry school-level-ilkokul-ortaokul-fen-bilgisi\" data-elementor-post-type=\"elementor_library\">\n\t\t\t\t\t\t\t\t<section class=\"has_eae_slider elementor-section elementor-top-section elementor-element elementor-element-7248c6d elementor-section-height-min-height elementor-section-boxed elementor-section-height-default elementor-section-items-middle\" data-id=\"7248c6d\" data-element_type=\"section\" data-settings=\"{&quot;background_background&quot;:&quot;classic&quot;}\">\n\t\t\t\t\t\t\t<div class=\"elementor-background-overlay\"><\/div>\n\t\t\t\t\t\t\t<div class=\"elementor-container elementor-column-gap-default\">\n\t\t\t\t\t<div class=\"has_eae_slider elementor-column elementor-col-100 elementor-top-column elementor-element elementor-element-911c4c9\" data-id=\"911c4c9\" data-element_type=\"column\">\n\t\t\t<div class=\"elementor-widget-wrap elementor-element-populated\">\n\t\t\t\t\t\t\t\t<div class=\"elementor-element elementor-element-c4dc767 elementor-widget elementor-widget-theme-post-title elementor-page-title elementor-widget-heading\" data-id=\"c4dc767\" data-element_type=\"widget\" data-widget_type=\"theme-post-title.default\">\n\t\t\t\t<div class=\"elementor-widget-container\">\n\t\t\t<h1 class=\"elementor-heading-title elementor-size-default\">I\u015f\u0131k Kirlili\u011fi ve I\u015f\u0131k Miktar\u0131: I\u015f\u0131k kirlili\u011fini \u00f6nleyen bir lamba tasarlamak<\/h1>\t\t<\/div>\n\t\t\t\t<\/div>\n\t\t\t\t\t<\/div>\n\t\t<\/div>\n\t\t\t\t\t\t\t<\/div>\n\t\t<\/section>\n\t\t\t\t\t\t<\/div>\n\t\t<\/div>\t\t<\/article>\n\t\t\t\t<\/div>\n\t\t\t\t<\/div>\n\t\t\t\t<\/div>\n\t\t\t\t\t<\/div>\n\t\t<\/div>\n\t\t\t\t\t\t\t<\/div>\n\t\t<\/section>\n\t\t\t\t\t\t\t<\/div>\n\t\t","protected":false},"excerpt":{"rendered":"<p>Ders Planlar\u0131<\/p>\n","protected":false},"author":1,"featured_media":0,"parent":0,"menu_order":0,"comment_status":"closed","ping_status":"closed","template":"","meta":{"_mi_skip_tracking":false,"_monsterinsights_sitenote_active":false,"_monsterinsights_sitenote_note":"","_monsterinsights_sitenote_category":0,"footnotes":""},"class_list":["post-3788","page","type-page","status-publish","hentry"],"_links":{"self":[{"href":"https:\/\/improving-stem-education.eu\/tr\/wp-json\/wp\/v2\/pages\/3788","targetHints":{"allow":["GET"]}}],"collection":[{"href":"https:\/\/improving-stem-education.eu\/tr\/wp-json\/wp\/v2\/pages"}],"about":[{"href":"https:\/\/improving-stem-education.eu\/tr\/wp-json\/wp\/v2\/types\/page"}],"author":[{"embeddable":true,"href":"https:\/\/improving-stem-education.eu\/tr\/wp-json\/wp\/v2\/users\/1"}],"replies":[{"embeddable":true,"href":"https:\/\/improving-stem-education.eu\/tr\/wp-json\/wp\/v2\/comments?post=3788"}],"version-history":[{"count":5,"href":"https:\/\/improving-stem-education.eu\/tr\/wp-json\/wp\/v2\/pages\/3788\/revisions"}],"predecessor-version":[{"id":3843,"href":"https:\/\/improving-stem-education.eu\/tr\/wp-json\/wp\/v2\/pages\/3788\/revisions\/3843"}],"wp:attachment":[{"href":"https:\/\/improving-stem-education.eu\/tr\/wp-json\/wp\/v2\/media?parent=3788"}],"curies":[{"name":"wp","href":"https:\/\/api.w.org\/{rel}","templated":true}]}}